{"id":213,"date":"2021-11-28T19:45:31","date_gmt":"2021-11-28T19:45:31","guid":{"rendered":"https:\/\/www.chateau-mondou.com\/?page_id=213"},"modified":"2024-12-15T11:21:31","modified_gmt":"2024-12-15T11:21:31","slug":"gite-la-grangee","status":"publish","type":"page","link":"https:\/\/www.chateau-mondou.com\/index.php\/gite-la-grangee\/","title":{"rendered":"G\u00eete La Grang\u00e9e"},"content":{"rendered":"\n<p><\/p>\n\n\n\n<h3 class=\"wp-block-heading\"><strong>La Grang\u00e9e \u2013 Een Sfeervolle G\u00eete voor 4 Personen in Zuidwest-Frankrijk<\/strong><\/h3>\n\n\n\n<p><em>(Capaciteit: 4 personen \u2013 geschikt voor 4 volwassenen)<\/em><\/p>\n\n\n\n<p>Welkom bij&nbsp;<strong>La Grang\u00e9e<\/strong>, een knusse en charmante g\u00eete, gelegen aan de rechterkant van ons landgoed. Deze gezellige accommodatie biedt optimale privacy, een prachtige tuin en een geweldig uitzicht over de omliggende landerijen.<\/p>\n\n\n\n<h3 class=\"wp-block-heading\"><strong>Geniet van Rust en Uitzicht<\/strong><\/h3>\n\n\n\n<p>La Grang\u00e9e beschikt over een ruime binnenplaats met een tafel, stoelen en parasol, ideaal voor een ontspannen maaltijd in de buitenlucht. De grote tuin met meerdere zitjes biedt een prachtig uitzicht en nodigt uit om te genieten van de natuur en de rust.<\/p>\n\n\n\n<hr class=\"wp-block-separator has-alpha-channel-opacity\"\/>\n\n\n\n<h3 class=\"wp-block-heading\"><strong>Indeling van La Grang\u00e9e<\/strong><\/h3>\n\n\n\n<p><strong>La Grang\u00e9e<\/strong>&nbsp;is klein maar gezellig en praktisch ingedeeld:<\/p>\n\n\n\n<p><strong>Woonruimte:<\/strong><\/p>\n\n\n\n<ul class=\"wp-block-list\">\n<li>Open keuken met alle benodigde voorzieningen.<\/li>\n\n\n\n<li>Woonkamer met openslaande deuren naar de binnenplaats en ramen voor maximale lichtinval.<\/li>\n<\/ul>\n\n\n\n<p><strong>Slaapkamers:<\/strong><\/p>\n\n\n\n<ul class=\"wp-block-list\">\n<li>Twee comfortabele slaapkamers, geschikt voor 4 volwassenen.<\/li>\n<\/ul>\n\n\n\n<p><strong>Sanitair:<\/strong><\/p>\n\n\n\n<ul class=\"wp-block-list\">\n<li>Badkamer met douche.<\/li>\n\n\n\n<li>Separaat toilet.<\/li>\n<\/ul>\n\n\n\n<hr class=\"wp-block-separator has-alpha-channel-opacity\"\/>\n\n\n\n<h3 class=\"wp-block-heading\"><strong>Faciliteiten van La Grang\u00e9e<\/strong><\/h3>\n\n\n\n<p>Tijdens uw verblijf in&nbsp;<strong>La Grang\u00e9e<\/strong>&nbsp;geniet u van:<\/p>\n\n\n\n<ul class=\"wp-block-list\">\n<li>Een ruime binnenplaats met tafel, stoelen en parasol.<\/li>\n\n\n\n<li>Comfortabele tuinstoelen met tafel.<\/li>\n\n\n\n<li>Een grote tuin met diverse zitjes en weidse uitzichten.<\/li>\n\n\n\n<li>Volop privacy in een charmante, historische setting.<\/li>\n\n\n\n<li>Parkeerplaats direct naast het huis. <\/li>\n<\/ul>\n\n\n\n<hr class=\"wp-block-separator has-alpha-channel-opacity\"\/>\n\n\n\n<h3 class=\"wp-block-heading\"><strong>Waarom Kiezen voor La Grang\u00e9e?<\/strong><\/h3>\n\n\n\n<ul class=\"wp-block-list\">\n<li>Intieme g\u00eete met een gezellige sfeer.<\/li>\n\n\n\n<li>Prachtig gelegen in een rustige en natuurrijke omgeving.<\/li>\n\n\n\n<li>Ideaal voor koppels of kleine groepen tot 4 personen.<\/li>\n\n\n\n<li>Historisch karakter van de voormalige kalverenschuur, gecombineerd met modern comfort.<\/li>\n<\/ul>\n\n\n\n<hr class=\"wp-block-separator has-alpha-channel-opacity\"\/>\n\n\n\n<p><strong>Boek Nu Uw Verblijf<\/strong><br>Laat u betoveren door de rust en charme van\u00a0<strong>La Grang\u00e9e<\/strong>. Neem vandaag nog contact met ons op voor beschikbaarheid en tarieven. Wij heten u van harte welkom.<\/p>\n\n\n\n<figure class=\"wp-block-image size-large\"><img loading=\"lazy\" decoding=\"async\" width=\"1024\" height=\"683\" src=\"https:\/\/www.chateau-mondou.com\/wp-content\/uploads\/2023\/07\/729A1307Scherm-1024x683.jpg\" alt=\"\" class=\"wp-image-563\" srcset=\"https:\/\/www.chateau-mondou.com\/wp-content\/uploads\/2023\/07\/729A1307Scherm-1024x683.jpg 1024w, https:\/\/www.chateau-mondou.com\/wp-content\/uploads\/2023\/07\/729A1307Scherm-300x200.jpg 300w, https:\/\/www.chateau-mondou.com\/wp-content\/uploads\/2023\/07\/729A1307Scherm-768x512.jpg 768w, https:\/\/www.chateau-mondou.com\/wp-content\/uploads\/2023\/07\/729A1307Scherm-1536x1024.jpg 1536w, https:\/\/www.chateau-mondou.com\/wp-content\/uploads\/2023\/07\/729A1307Scherm-2048x1365.jpg 2048w\" sizes=\"auto, (max-width: 706px) 89vw, (max-width: 767px) 82vw, 740px\" \/><\/figure>\n\n\n\n<figure class=\"wp-block-image size-large\"><img loading=\"lazy\" decoding=\"async\" width=\"1024\" height=\"683\" src=\"https:\/\/www.chateau-mondou.com\/wp-content\/uploads\/2023\/07\/729A1302Scherm-1024x683.jpg\" alt=\"\" class=\"wp-image-565\" srcset=\"https:\/\/www.chateau-mondou.com\/wp-content\/uploads\/2023\/07\/729A1302Scherm-1024x683.jpg 1024w, https:\/\/www.chateau-mondou.com\/wp-content\/uploads\/2023\/07\/729A1302Scherm-300x200.jpg 300w, https:\/\/www.chateau-mondou.com\/wp-content\/uploads\/2023\/07\/729A1302Scherm-768x512.jpg 768w, https:\/\/www.chateau-mondou.com\/wp-content\/uploads\/2023\/07\/729A1302Scherm-1536x1024.jpg 1536w, https:\/\/www.chateau-mondou.com\/wp-content\/uploads\/2023\/07\/729A1302Scherm-2048x1365.jpg 2048w\" sizes=\"auto, (max-width: 706px) 89vw, (max-width: 767px) 82vw, 740px\" \/><\/figure>\n\n\n\n<figure class=\"wp-block-image size-large\"><img loading=\"lazy\" decoding=\"async\" width=\"1024\" height=\"683\" src=\"https:\/\/www.chateau-mondou.com\/wp-content\/uploads\/2023\/07\/729A1393Scherm-1024x683.jpg\" alt=\"\" class=\"wp-image-566\" srcset=\"https:\/\/www.chateau-mondou.com\/wp-content\/uploads\/2023\/07\/729A1393Scherm-1024x683.jpg 1024w, https:\/\/www.chateau-mondou.com\/wp-content\/uploads\/2023\/07\/729A1393Scherm-300x200.jpg 300w, https:\/\/www.chateau-mondou.com\/wp-content\/uploads\/2023\/07\/729A1393Scherm-768x512.jpg 768w, https:\/\/www.chateau-mondou.com\/wp-content\/uploads\/2023\/07\/729A1393Scherm-1536x1024.jpg 1536w, https:\/\/www.chateau-mondou.com\/wp-content\/uploads\/2023\/07\/729A1393Scherm-2048x1365.jpg 2048w\" sizes=\"auto, (max-width: 706px) 89vw, (max-width: 767px) 82vw, 740px\" \/><\/figure>\n\n\n\n<figure class=\"wp-block-image size-large\"><img loading=\"lazy\" decoding=\"async\" width=\"1024\" height=\"683\" src=\"https:\/\/www.chateau-mondou.com\/wp-content\/uploads\/2023\/07\/729A1277Scherm-1024x683.jpg\" alt=\"\" class=\"wp-image-567\" srcset=\"https:\/\/www.chateau-mondou.com\/wp-content\/uploads\/2023\/07\/729A1277Scherm-1024x683.jpg 1024w, https:\/\/www.chateau-mondou.com\/wp-content\/uploads\/2023\/07\/729A1277Scherm-300x200.jpg 300w, https:\/\/www.chateau-mondou.com\/wp-content\/uploads\/2023\/07\/729A1277Scherm-768x512.jpg 768w, https:\/\/www.chateau-mondou.com\/wp-content\/uploads\/2023\/07\/729A1277Scherm-1536x1024.jpg 1536w, https:\/\/www.chateau-mondou.com\/wp-content\/uploads\/2023\/07\/729A1277Scherm-2048x1365.jpg 2048w\" sizes=\"auto, (max-width: 706px) 89vw, (max-width: 767px) 82vw, 740px\" \/><\/figure>\n\n\n\n<figure class=\"wp-block-image size-large\"><img loading=\"lazy\" decoding=\"async\" width=\"1024\" height=\"683\" src=\"https:\/\/www.chateau-mondou.com\/wp-content\/uploads\/2023\/07\/729A1276Scherm-1024x683.jpg\" alt=\"\" class=\"wp-image-568\" srcset=\"https:\/\/www.chateau-mondou.com\/wp-content\/uploads\/2023\/07\/729A1276Scherm-1024x683.jpg 1024w, https:\/\/www.chateau-mondou.com\/wp-content\/uploads\/2023\/07\/729A1276Scherm-300x200.jpg 300w, https:\/\/www.chateau-mondou.com\/wp-content\/uploads\/2023\/07\/729A1276Scherm-768x512.jpg 768w, https:\/\/www.chateau-mondou.com\/wp-content\/uploads\/2023\/07\/729A1276Scherm-1536x1024.jpg 1536w, https:\/\/www.chateau-mondou.com\/wp-content\/uploads\/2023\/07\/729A1276Scherm-2048x1365.jpg 2048w\" sizes=\"auto, (max-width: 706px) 89vw, (max-width: 767px) 82vw, 740px\" \/><\/figure>\n\n\n\n<figure class=\"wp-block-image size-large\"><img loading=\"lazy\" decoding=\"async\" width=\"1024\" height=\"683\" src=\"https:\/\/www.chateau-mondou.com\/wp-content\/uploads\/2023\/07\/729A1293Scherm-1024x683.jpg\" alt=\"\" class=\"wp-image-569\" srcset=\"https:\/\/www.chateau-mondou.com\/wp-content\/uploads\/2023\/07\/729A1293Scherm-1024x683.jpg 1024w, https:\/\/www.chateau-mondou.com\/wp-content\/uploads\/2023\/07\/729A1293Scherm-300x200.jpg 300w, https:\/\/www.chateau-mondou.com\/wp-content\/uploads\/2023\/07\/729A1293Scherm-768x512.jpg 768w, https:\/\/www.chateau-mondou.com\/wp-content\/uploads\/2023\/07\/729A1293Scherm-1536x1024.jpg 1536w, https:\/\/www.chateau-mondou.com\/wp-content\/uploads\/2023\/07\/729A1293Scherm-2048x1365.jpg 2048w\" sizes=\"auto, (max-width: 706px) 89vw, (max-width: 767px) 82vw, 740px\" \/><\/figure>\n\n\n\n<figure class=\"wp-block-image size-large\"><img loading=\"lazy\" decoding=\"async\" width=\"1024\" height=\"683\" src=\"https:\/\/www.chateau-mondou.com\/wp-content\/uploads\/2023\/07\/729A1296Scherm-1024x683.jpg\" alt=\"\" class=\"wp-image-570\" srcset=\"https:\/\/www.chateau-mondou.com\/wp-content\/uploads\/2023\/07\/729A1296Scherm-1024x683.jpg 1024w, https:\/\/www.chateau-mondou.com\/wp-content\/uploads\/2023\/07\/729A1296Scherm-300x200.jpg 300w, https:\/\/www.chateau-mondou.com\/wp-content\/uploads\/2023\/07\/729A1296Scherm-768x512.jpg 768w, https:\/\/www.chateau-mondou.com\/wp-content\/uploads\/2023\/07\/729A1296Scherm-1536x1024.jpg 1536w, https:\/\/www.chateau-mondou.com\/wp-content\/uploads\/2023\/07\/729A1296Scherm-2048x1365.jpg 2048w\" sizes=\"auto, (max-width: 706px) 89vw, (max-width: 767px) 82vw, 740px\" \/><\/figure>\n\n\n\n<figure class=\"wp-block-image size-large\"><img loading=\"lazy\" decoding=\"async\" width=\"1024\" height=\"683\" src=\"https:\/\/www.chateau-mondou.com\/wp-content\/uploads\/2023\/07\/729A1292Scherm-1024x683.jpg\" alt=\"\" class=\"wp-image-571\" srcset=\"https:\/\/www.chateau-mondou.com\/wp-content\/uploads\/2023\/07\/729A1292Scherm-1024x683.jpg 1024w, https:\/\/www.chateau-mondou.com\/wp-content\/uploads\/2023\/07\/729A1292Scherm-300x200.jpg 300w, https:\/\/www.chateau-mondou.com\/wp-content\/uploads\/2023\/07\/729A1292Scherm-768x512.jpg 768w, https:\/\/www.chateau-mondou.com\/wp-content\/uploads\/2023\/07\/729A1292Scherm-1536x1024.jpg 1536w, https:\/\/www.chateau-mondou.com\/wp-content\/uploads\/2023\/07\/729A1292Scherm-2048x1365.jpg 2048w\" sizes=\"auto, (max-width: 706px) 89vw, (max-width: 767px) 82vw, 740px\" \/><\/figure>\n\n\n\n<figure class=\"wp-block-image size-large\"><img loading=\"lazy\" decoding=\"async\" width=\"1024\" height=\"683\" src=\"https:\/\/www.chateau-mondou.com\/wp-content\/uploads\/2023\/07\/729A1279Scherm-1024x683.jpg\" alt=\"\" class=\"wp-image-572\" srcset=\"https:\/\/www.chateau-mondou.com\/wp-content\/uploads\/2023\/07\/729A1279Scherm-1024x683.jpg 1024w, https:\/\/www.chateau-mondou.com\/wp-content\/uploads\/2023\/07\/729A1279Scherm-300x200.jpg 300w, https:\/\/www.chateau-mondou.com\/wp-content\/uploads\/2023\/07\/729A1279Scherm-768x512.jpg 768w, https:\/\/www.chateau-mondou.com\/wp-content\/uploads\/2023\/07\/729A1279Scherm-1536x1024.jpg 1536w, https:\/\/www.chateau-mondou.com\/wp-content\/uploads\/2023\/07\/729A1279Scherm-2048x1365.jpg 2048w\" sizes=\"auto, (max-width: 706px) 89vw, (max-width: 767px) 82vw, 740px\" \/><\/figure>\n\n\n\n<figure class=\"wp-block-image size-large\"><img loading=\"lazy\" decoding=\"async\" width=\"1024\" height=\"683\" src=\"https:\/\/www.chateau-mondou.com\/wp-content\/uploads\/2023\/07\/729A1282Scherm-1024x683.jpg\" alt=\"\" class=\"wp-image-573\" srcset=\"https:\/\/www.chateau-mondou.com\/wp-content\/uploads\/2023\/07\/729A1282Scherm-1024x683.jpg 1024w, https:\/\/www.chateau-mondou.com\/wp-content\/uploads\/2023\/07\/729A1282Scherm-300x200.jpg 300w, https:\/\/www.chateau-mondou.com\/wp-content\/uploads\/2023\/07\/729A1282Scherm-768x512.jpg 768w, https:\/\/www.chateau-mondou.com\/wp-content\/uploads\/2023\/07\/729A1282Scherm-1536x1024.jpg 1536w, https:\/\/www.chateau-mondou.com\/wp-content\/uploads\/2023\/07\/729A1282Scherm-2048x1365.jpg 2048w\" sizes=\"auto, (max-width: 706px) 89vw, (max-width: 767px) 82vw, 740px\" \/><\/figure>\n\n\n\n<figure class=\"wp-block-image size-large\"><img loading=\"lazy\" decoding=\"async\" width=\"1024\" height=\"683\" src=\"https:\/\/www.chateau-mondou.com\/wp-content\/uploads\/2023\/07\/729A1283Scherm-1024x683.jpg\" alt=\"\" class=\"wp-image-574\" srcset=\"https:\/\/www.chateau-mondou.com\/wp-content\/uploads\/2023\/07\/729A1283Scherm-1024x683.jpg 1024w, https:\/\/www.chateau-mondou.com\/wp-content\/uploads\/2023\/07\/729A1283Scherm-300x200.jpg 300w, https:\/\/www.chateau-mondou.com\/wp-content\/uploads\/2023\/07\/729A1283Scherm-768x512.jpg 768w, https:\/\/www.chateau-mondou.com\/wp-content\/uploads\/2023\/07\/729A1283Scherm-1536x1024.jpg 1536w, https:\/\/www.chateau-mondou.com\/wp-content\/uploads\/2023\/07\/729A1283Scherm-2048x1365.jpg 2048w\" sizes=\"auto, (max-width: 706px) 89vw, (max-width: 767px) 82vw, 740px\" \/><\/figure>\n","protected":false},"excerpt":{"rendered":"<p>La Grang\u00e9e \u2013 Een Sfeervolle G\u00eete voor 4 Personen in Zuidwest-Frankrijk (Capaciteit: 4 personen \u2013 geschikt voor 4 volwassenen) Welkom bij&nbsp;La Grang\u00e9e, een knusse en charmante g\u00eete, gelegen aan de rechterkant van ons landgoed. Deze gezellige accommodatie biedt optimale privacy, een prachtige tuin en een geweldig uitzicht over de omliggende landerijen. Geniet van Rust en &hellip; <\/p>\n<p class=\"link-more\"><a href=\"https:\/\/www.chateau-mondou.com\/index.php\/gite-la-grangee\/\" class=\"more-link\">Lees verder <span class=\"screen-reader-text\">&#8220;G\u00eete La Grang\u00e9e&#8221;<\/span><\/a><\/p>\n","protected":false},"author":1,"featured_media":0,"parent":0,"menu_order":0,"comment_status":"closed","ping_status":"closed","template":"","meta":{"footnotes":""},"class_list":["post-213","page","type-page","status-publish","hentry"],"yoast_head":"<!-- This site is optimized with the Yoast SEO plugin v27.5 - https:\/\/yoast.com\/product\/yoast-seo-wordpress\/ -->\n<title>G\u00eete La Grang\u00e9e - ch&acirc;teau-mondou<\/title>\n<meta name=\"robots\" content=\"index, follow, max-snippet:-1, max-image-preview:large, max-video-preview:-1\" \/>\n<link rel=\"canonical\" href=\"https:\/\/www.chateau-mondou.com\/index.php\/gite-la-grangee\/\" \/>\n<meta property=\"og:locale\" content=\"nl_NL\" \/>\n<meta property=\"og:type\" content=\"article\" \/>\n<meta property=\"og:title\" content=\"G\u00eete La Grang\u00e9e - ch&acirc;teau-mondou\" \/>\n<meta property=\"og:description\" content=\"La Grang\u00e9e \u2013 Een Sfeervolle G\u00eete voor 4 Personen in Zuidwest-Frankrijk (Capaciteit: 4 personen \u2013 geschikt voor 4 volwassenen) Welkom bij&nbsp;La Grang\u00e9e, een knusse en charmante g\u00eete, gelegen aan de rechterkant van ons landgoed. Deze gezellige accommodatie biedt optimale privacy, een prachtige tuin en een geweldig uitzicht over de omliggende landerijen. Geniet van Rust en &hellip; Lees verder &quot;G\u00eete La Grang\u00e9e&quot;\" \/>\n<meta property=\"og:url\" content=\"https:\/\/www.chateau-mondou.com\/index.php\/gite-la-grangee\/\" \/>\n<meta property=\"og:site_name\" content=\"ch&acirc;teau-mondou\" \/>\n<meta property=\"article:modified_time\" content=\"2024-12-15T11:21:31+00:00\" \/>\n<meta property=\"og:image\" content=\"https:\/\/www.chateau-mondou.com\/wp-content\/uploads\/2023\/07\/729A1307Scherm-scaled.jpg\" \/>\n\t<meta property=\"og:image:width\" content=\"2560\" \/>\n\t<meta property=\"og:image:height\" content=\"1707\" \/>\n\t<meta property=\"og:image:type\" content=\"image\/jpeg\" \/>\n<meta name=\"twitter:card\" content=\"summary_large_image\" \/>\n<meta name=\"twitter:label1\" content=\"Geschatte leestijd\" \/>\n\t<meta name=\"twitter:data1\" content=\"4 minuten\" \/>\n<script type=\"application\/ld+json\" class=\"yoast-schema-graph\">{\"@context\":\"https:\\\/\\\/schema.org\",\"@graph\":[{\"@type\":\"WebPage\",\"@id\":\"https:\\\/\\\/www.chateau-mondou.com\\\/index.php\\\/gite-la-grangee\\\/\",\"url\":\"https:\\\/\\\/www.chateau-mondou.com\\\/index.php\\\/gite-la-grangee\\\/\",\"name\":\"G\u00eete La Grang\u00e9e - ch&acirc;teau-mondou\",\"isPartOf\":{\"@id\":\"https:\\\/\\\/www.chateau-mondou.com\\\/#website\"},\"primaryImageOfPage\":{\"@id\":\"https:\\\/\\\/www.chateau-mondou.com\\\/index.php\\\/gite-la-grangee\\\/#primaryimage\"},\"image\":{\"@id\":\"https:\\\/\\\/www.chateau-mondou.com\\\/index.php\\\/gite-la-grangee\\\/#primaryimage\"},\"thumbnailUrl\":\"https:\\\/\\\/www.chateau-mondou.com\\\/wp-content\\\/uploads\\\/2023\\\/07\\\/729A1307Scherm-1024x683.jpg\",\"datePublished\":\"2021-11-28T19:45:31+00:00\",\"dateModified\":\"2024-12-15T11:21:31+00:00\",\"breadcrumb\":{\"@id\":\"https:\\\/\\\/www.chateau-mondou.com\\\/index.php\\\/gite-la-grangee\\\/#breadcrumb\"},\"inLanguage\":\"nl-NL\",\"potentialAction\":[{\"@type\":\"ReadAction\",\"target\":[\"https:\\\/\\\/www.chateau-mondou.com\\\/index.php\\\/gite-la-grangee\\\/\"]}]},{\"@type\":\"ImageObject\",\"inLanguage\":\"nl-NL\",\"@id\":\"https:\\\/\\\/www.chateau-mondou.com\\\/index.php\\\/gite-la-grangee\\\/#primaryimage\",\"url\":\"https:\\\/\\\/www.chateau-mondou.com\\\/wp-content\\\/uploads\\\/2023\\\/07\\\/729A1307Scherm-scaled.jpg\",\"contentUrl\":\"https:\\\/\\\/www.chateau-mondou.com\\\/wp-content\\\/uploads\\\/2023\\\/07\\\/729A1307Scherm-scaled.jpg\",\"width\":2560,\"height\":1707},{\"@type\":\"BreadcrumbList\",\"@id\":\"https:\\\/\\\/www.chateau-mondou.com\\\/index.php\\\/gite-la-grangee\\\/#breadcrumb\",\"itemListElement\":[{\"@type\":\"ListItem\",\"position\":1,\"name\":\"Home\",\"item\":\"https:\\\/\\\/www.chateau-mondou.com\\\/\"},{\"@type\":\"ListItem\",\"position\":2,\"name\":\"G\u00eete La Grang\u00e9e\"}]},{\"@type\":\"WebSite\",\"@id\":\"https:\\\/\\\/www.chateau-mondou.com\\\/#website\",\"url\":\"https:\\\/\\\/www.chateau-mondou.com\\\/\",\"name\":\"ch&acirc;teau-mondou\",\"description\":\"&ldquo;Oase van rust, perfecte basis voor bezienswaardigheden&rdquo;\",\"publisher\":{\"@id\":\"https:\\\/\\\/www.chateau-mondou.com\\\/#organization\"},\"potentialAction\":[{\"@type\":\"SearchAction\",\"target\":{\"@type\":\"EntryPoint\",\"urlTemplate\":\"https:\\\/\\\/www.chateau-mondou.com\\\/?s={search_term_string}\"},\"query-input\":{\"@type\":\"PropertyValueSpecification\",\"valueRequired\":true,\"valueName\":\"search_term_string\"}}],\"inLanguage\":\"nl-NL\"},{\"@type\":\"Organization\",\"@id\":\"https:\\\/\\\/www.chateau-mondou.com\\\/#organization\",\"name\":\"ch&acirc;teau-mondou\",\"url\":\"https:\\\/\\\/www.chateau-mondou.com\\\/\",\"logo\":{\"@type\":\"ImageObject\",\"inLanguage\":\"nl-NL\",\"@id\":\"https:\\\/\\\/www.chateau-mondou.com\\\/#\\\/schema\\\/logo\\\/image\\\/\",\"url\":\"https:\\\/\\\/www.chateau-mondou.com\\\/wp-content\\\/uploads\\\/2024\\\/04\\\/cropped-MONDOU-witpng.png\",\"contentUrl\":\"https:\\\/\\\/www.chateau-mondou.com\\\/wp-content\\\/uploads\\\/2024\\\/04\\\/cropped-MONDOU-witpng.png\",\"width\":436,\"height\":250,\"caption\":\"ch&acirc;teau-mondou\"},\"image\":{\"@id\":\"https:\\\/\\\/www.chateau-mondou.com\\\/#\\\/schema\\\/logo\\\/image\\\/\"}}]}<\/script>\n<!-- \/ Yoast SEO plugin. -->","yoast_head_json":{"title":"G\u00eete La Grang\u00e9e - ch&acirc;teau-mondou","robots":{"index":"index","follow":"follow","max-snippet":"max-snippet:-1","max-image-preview":"max-image-preview:large","max-video-preview":"max-video-preview:-1"},"canonical":"https:\/\/www.chateau-mondou.com\/index.php\/gite-la-grangee\/","og_locale":"nl_NL","og_type":"article","og_title":"G\u00eete La Grang\u00e9e - ch&acirc;teau-mondou","og_description":"La Grang\u00e9e \u2013 Een Sfeervolle G\u00eete voor 4 Personen in Zuidwest-Frankrijk (Capaciteit: 4 personen \u2013 geschikt voor 4 volwassenen) Welkom bij&nbsp;La Grang\u00e9e, een knusse en charmante g\u00eete, gelegen aan de rechterkant van ons landgoed. Deze gezellige accommodatie biedt optimale privacy, een prachtige tuin en een geweldig uitzicht over de omliggende landerijen. Geniet van Rust en &hellip; Lees verder \"G\u00eete La Grang\u00e9e\"","og_url":"https:\/\/www.chateau-mondou.com\/index.php\/gite-la-grangee\/","og_site_name":"ch&acirc;teau-mondou","article_modified_time":"2024-12-15T11:21:31+00:00","og_image":[{"width":2560,"height":1707,"url":"https:\/\/www.chateau-mondou.com\/wp-content\/uploads\/2023\/07\/729A1307Scherm-scaled.jpg","type":"image\/jpeg"}],"twitter_card":"summary_large_image","twitter_misc":{"Geschatte leestijd":"4 minuten"},"schema":{"@context":"https:\/\/schema.org","@graph":[{"@type":"WebPage","@id":"https:\/\/www.chateau-mondou.com\/index.php\/gite-la-grangee\/","url":"https:\/\/www.chateau-mondou.com\/index.php\/gite-la-grangee\/","name":"G\u00eete La Grang\u00e9e - ch&acirc;teau-mondou","isPartOf":{"@id":"https:\/\/www.chateau-mondou.com\/#website"},"primaryImageOfPage":{"@id":"https:\/\/www.chateau-mondou.com\/index.php\/gite-la-grangee\/#primaryimage"},"image":{"@id":"https:\/\/www.chateau-mondou.com\/index.php\/gite-la-grangee\/#primaryimage"},"thumbnailUrl":"https:\/\/www.chateau-mondou.com\/wp-content\/uploads\/2023\/07\/729A1307Scherm-1024x683.jpg","datePublished":"2021-11-28T19:45:31+00:00","dateModified":"2024-12-15T11:21:31+00:00","breadcrumb":{"@id":"https:\/\/www.chateau-mondou.com\/index.php\/gite-la-grangee\/#breadcrumb"},"inLanguage":"nl-NL","potentialAction":[{"@type":"ReadAction","target":["https:\/\/www.chateau-mondou.com\/index.php\/gite-la-grangee\/"]}]},{"@type":"ImageObject","inLanguage":"nl-NL","@id":"https:\/\/www.chateau-mondou.com\/index.php\/gite-la-grangee\/#primaryimage","url":"https:\/\/www.chateau-mondou.com\/wp-content\/uploads\/2023\/07\/729A1307Scherm-scaled.jpg","contentUrl":"https:\/\/www.chateau-mondou.com\/wp-content\/uploads\/2023\/07\/729A1307Scherm-scaled.jpg","width":2560,"height":1707},{"@type":"BreadcrumbList","@id":"https:\/\/www.chateau-mondou.com\/index.php\/gite-la-grangee\/#breadcrumb","itemListElement":[{"@type":"ListItem","position":1,"name":"Home","item":"https:\/\/www.chateau-mondou.com\/"},{"@type":"ListItem","position":2,"name":"G\u00eete La Grang\u00e9e"}]},{"@type":"WebSite","@id":"https:\/\/www.chateau-mondou.com\/#website","url":"https:\/\/www.chateau-mondou.com\/","name":"ch&acirc;teau-mondou","description":"&ldquo;Oase van rust, perfecte basis voor bezienswaardigheden&rdquo;","publisher":{"@id":"https:\/\/www.chateau-mondou.com\/#organization"},"potentialAction":[{"@type":"SearchAction","target":{"@type":"EntryPoint","urlTemplate":"https:\/\/www.chateau-mondou.com\/?s={search_term_string}"},"query-input":{"@type":"PropertyValueSpecification","valueRequired":true,"valueName":"search_term_string"}}],"inLanguage":"nl-NL"},{"@type":"Organization","@id":"https:\/\/www.chateau-mondou.com\/#organization","name":"ch&acirc;teau-mondou","url":"https:\/\/www.chateau-mondou.com\/","logo":{"@type":"ImageObject","inLanguage":"nl-NL","@id":"https:\/\/www.chateau-mondou.com\/#\/schema\/logo\/image\/","url":"https:\/\/www.chateau-mondou.com\/wp-content\/uploads\/2024\/04\/cropped-MONDOU-witpng.png","contentUrl":"https:\/\/www.chateau-mondou.com\/wp-content\/uploads\/2024\/04\/cropped-MONDOU-witpng.png","width":436,"height":250,"caption":"ch&acirc;teau-mondou"},"image":{"@id":"https:\/\/www.chateau-mondou.com\/#\/schema\/logo\/image\/"}}]}},"_links":{"self":[{"href":"https:\/\/www.chateau-mondou.com\/index.php\/wp-json\/wp\/v2\/pages\/213","targetHints":{"allow":["GET"]}}],"collection":[{"href":"https:\/\/www.chateau-mondou.com\/index.php\/wp-json\/wp\/v2\/pages"}],"about":[{"href":"https:\/\/www.chateau-mondou.com\/index.php\/wp-json\/wp\/v2\/types\/page"}],"author":[{"embeddable":true,"href":"https:\/\/www.chateau-mondou.com\/index.php\/wp-json\/wp\/v2\/users\/1"}],"replies":[{"embeddable":true,"href":"https:\/\/www.chateau-mondou.com\/index.php\/wp-json\/wp\/v2\/comments?post=213"}],"version-history":[{"count":16,"href":"https:\/\/www.chateau-mondou.com\/index.php\/wp-json\/wp\/v2\/pages\/213\/revisions"}],"predecessor-version":[{"id":865,"href":"https:\/\/www.chateau-mondou.com\/index.php\/wp-json\/wp\/v2\/pages\/213\/revisions\/865"}],"wp:attachment":[{"href":"https:\/\/www.chateau-mondou.com\/index.php\/wp-json\/wp\/v2\/media?parent=213"}],"curies":[{"name":"wp","href":"https:\/\/api.w.org\/{rel}","templated":true}]}}