{"id":5,"date":"2021-10-17T16:09:57","date_gmt":"2021-10-17T16:09:57","guid":{"rendered":"http:\/\/www.chateau-mondou.com\/?page_id=5"},"modified":"2025-08-12T08:55:08","modified_gmt":"2025-08-12T08:55:08","slug":"maak-je-site-met-blokken","status":"publish","type":"page","link":"https:\/\/www.chateau-mondou.com\/index.php\/maak-je-site-met-blokken\/","title":{"rendered":"Onze G\u00eetes"},"content":{"rendered":"\n<p>In de rechtervleugel bevindt zich de grootste g\u00eete: Bellevue. Deze g\u00eete heeft beneden twee slaapkamers en boven ook twee. Het heeft een grote fijne badkamer met twee wastafels en een kleine simpele badkamer. Er zijn twee huiskamers; een met de open keuken en grote tafel grenzend aan het enorme balkon met 180 graden uitzicht over zwembad en landerijen. Er is ook een tweede huiskamer met grote houtkachel en fauteuils en bank. Bellevue heeft een eigen toegang tot de zuidkant naar het zwembad.<\/p>\n\n\n\n<p>Aan de overkant van het chateau bevindt zich g\u00eete La Loge, een voormalige portierswoning. Deze bijzondere g\u00eete is geschikt voor 6 personen, heeft twee tweepersoonsslaapkamers, waarvan een zich op de mezzanine bevindt. Er is ook een kleine stapelbedkamer. De keuken is goed geoutilleerd met o.a. een groot Smegfornuis. Er is een badkamer met douche en wastafel en een separaat toilet. La Loge heeft drie terrassen, aan de oost, zuid en westkant en een eigen stuk tuin.<\/p>\n\n\n\n<p>Verscholen achter de schuur vinden we de derde g\u00eete: La Grangee, deze is in de voormalige schuur gesitueerd. La Grangee is wat kleiner, heel priv\u00e9 en geschikt voor 4 personen. Het heeft twee slaapkamers en een badkamer. De keuken is nieuw en goed geoutilleerd. U heeft optimale privacy met een eigen binnenplaats en een grote tuin met vrij uitzicht over de velden.<\/p>\n\n\n\n<p>Een video-impressie van onze g\u00eetes.<\/p>\n\n\n\n<figure class=\"wp-block-embed is-type-video is-provider-youtube wp-block-embed-youtube wp-embed-aspect-16-9 wp-has-aspect-ratio\"><div class=\"wp-block-embed__wrapper\">\n<iframe loading=\"lazy\" title=\"Chateau Mondou in just a few minutes\" width=\"525\" height=\"295\" src=\"https:\/\/www.youtube.com\/embed\/x6aQ_FMTs_g?feature=oembed\" frameborder=\"0\" allow=\"accelerometer; autoplay; clipboard-write; encrypted-media; gyroscope; picture-in-picture; web-share\" referrerpolicy=\"strict-origin-when-cross-origin\" allowfullscreen><\/iframe>\n<\/div><\/figure>\n","protected":false},"excerpt":{"rendered":"<p>In de rechtervleugel bevindt zich de grootste g\u00eete: Bellevue. Deze g\u00eete heeft beneden twee slaapkamers en boven ook twee. Het heeft een grote fijne badkamer met twee wastafels en een kleine simpele badkamer. Er zijn twee huiskamers; een met de open keuken en grote tafel grenzend aan het enorme balkon met 180 graden uitzicht over &hellip; <\/p>\n<p class=\"link-more\"><a href=\"https:\/\/www.chateau-mondou.com\/index.php\/maak-je-site-met-blokken\/\" class=\"more-link\">Lees verder <span class=\"screen-reader-text\">&#8220;Onze G\u00eetes&#8221;<\/span><\/a><\/p>\n","protected":false},"author":1,"featured_media":0,"parent":0,"menu_order":0,"comment_status":"closed","ping_status":"closed","template":"","meta":{"footnotes":""},"class_list":["post-5","page","type-page","status-publish","hentry"],"yoast_head":"<!-- This site is optimized with the Yoast SEO plugin v27.5 - https:\/\/yoast.com\/product\/yoast-seo-wordpress\/ -->\n<title>Onze G\u00eetes - ch&acirc;teau-mondou<\/title>\n<meta name=\"robots\" content=\"index, follow, max-snippet:-1, max-image-preview:large, max-video-preview:-1\" \/>\n<link rel=\"canonical\" href=\"https:\/\/www.chateau-mondou.com\/index.php\/maak-je-site-met-blokken\/\" \/>\n<meta property=\"og:locale\" content=\"nl_NL\" \/>\n<meta property=\"og:type\" content=\"article\" \/>\n<meta property=\"og:title\" content=\"Onze G\u00eetes - ch&acirc;teau-mondou\" \/>\n<meta property=\"og:description\" content=\"In de rechtervleugel bevindt zich de grootste g\u00eete: Bellevue. Deze g\u00eete heeft beneden twee slaapkamers en boven ook twee. Het heeft een grote fijne badkamer met twee wastafels en een kleine simpele badkamer. Er zijn twee huiskamers; een met de open keuken en grote tafel grenzend aan het enorme balkon met 180 graden uitzicht over &hellip; Lees verder &quot;Onze G\u00eetes&quot;\" \/>\n<meta property=\"og:url\" content=\"https:\/\/www.chateau-mondou.com\/index.php\/maak-je-site-met-blokken\/\" \/>\n<meta property=\"og:site_name\" content=\"ch&acirc;teau-mondou\" \/>\n<meta property=\"article:modified_time\" content=\"2025-08-12T08:55:08+00:00\" \/>\n<meta name=\"twitter:card\" content=\"summary_large_image\" \/>\n<meta name=\"twitter:label1\" content=\"Geschatte leestijd\" \/>\n\t<meta name=\"twitter:data1\" content=\"2 minuten\" \/>\n<script type=\"application\/ld+json\" class=\"yoast-schema-graph\">{\"@context\":\"https:\\\/\\\/schema.org\",\"@graph\":[{\"@type\":\"WebPage\",\"@id\":\"https:\\\/\\\/www.chateau-mondou.com\\\/index.php\\\/maak-je-site-met-blokken\\\/\",\"url\":\"https:\\\/\\\/www.chateau-mondou.com\\\/index.php\\\/maak-je-site-met-blokken\\\/\",\"name\":\"Onze G\u00eetes - ch&acirc;teau-mondou\",\"isPartOf\":{\"@id\":\"https:\\\/\\\/www.chateau-mondou.com\\\/#website\"},\"datePublished\":\"2021-10-17T16:09:57+00:00\",\"dateModified\":\"2025-08-12T08:55:08+00:00\",\"breadcrumb\":{\"@id\":\"https:\\\/\\\/www.chateau-mondou.com\\\/index.php\\\/maak-je-site-met-blokken\\\/#breadcrumb\"},\"inLanguage\":\"nl-NL\",\"potentialAction\":[{\"@type\":\"ReadAction\",\"target\":[\"https:\\\/\\\/www.chateau-mondou.com\\\/index.php\\\/maak-je-site-met-blokken\\\/\"]}]},{\"@type\":\"BreadcrumbList\",\"@id\":\"https:\\\/\\\/www.chateau-mondou.com\\\/index.php\\\/maak-je-site-met-blokken\\\/#breadcrumb\",\"itemListElement\":[{\"@type\":\"ListItem\",\"position\":1,\"name\":\"Home\",\"item\":\"https:\\\/\\\/www.chateau-mondou.com\\\/\"},{\"@type\":\"ListItem\",\"position\":2,\"name\":\"Onze G\u00eetes\"}]},{\"@type\":\"WebSite\",\"@id\":\"https:\\\/\\\/www.chateau-mondou.com\\\/#website\",\"url\":\"https:\\\/\\\/www.chateau-mondou.com\\\/\",\"name\":\"ch&acirc;teau-mondou\",\"description\":\"&ldquo;Oase van rust, perfecte basis voor bezienswaardigheden&rdquo;\",\"publisher\":{\"@id\":\"https:\\\/\\\/www.chateau-mondou.com\\\/#organization\"},\"potentialAction\":[{\"@type\":\"SearchAction\",\"target\":{\"@type\":\"EntryPoint\",\"urlTemplate\":\"https:\\\/\\\/www.chateau-mondou.com\\\/?s={search_term_string}\"},\"query-input\":{\"@type\":\"PropertyValueSpecification\",\"valueRequired\":true,\"valueName\":\"search_term_string\"}}],\"inLanguage\":\"nl-NL\"},{\"@type\":\"Organization\",\"@id\":\"https:\\\/\\\/www.chateau-mondou.com\\\/#organization\",\"name\":\"ch&acirc;teau-mondou\",\"url\":\"https:\\\/\\\/www.chateau-mondou.com\\\/\",\"logo\":{\"@type\":\"ImageObject\",\"inLanguage\":\"nl-NL\",\"@id\":\"https:\\\/\\\/www.chateau-mondou.com\\\/#\\\/schema\\\/logo\\\/image\\\/\",\"url\":\"https:\\\/\\\/www.chateau-mondou.com\\\/wp-content\\\/uploads\\\/2024\\\/04\\\/cropped-MONDOU-witpng.png\",\"contentUrl\":\"https:\\\/\\\/www.chateau-mondou.com\\\/wp-content\\\/uploads\\\/2024\\\/04\\\/cropped-MONDOU-witpng.png\",\"width\":436,\"height\":250,\"caption\":\"ch&acirc;teau-mondou\"},\"image\":{\"@id\":\"https:\\\/\\\/www.chateau-mondou.com\\\/#\\\/schema\\\/logo\\\/image\\\/\"}}]}<\/script>\n<!-- \/ Yoast SEO plugin. -->","yoast_head_json":{"title":"Onze G\u00eetes - ch&acirc;teau-mondou","robots":{"index":"index","follow":"follow","max-snippet":"max-snippet:-1","max-image-preview":"max-image-preview:large","max-video-preview":"max-video-preview:-1"},"canonical":"https:\/\/www.chateau-mondou.com\/index.php\/maak-je-site-met-blokken\/","og_locale":"nl_NL","og_type":"article","og_title":"Onze G\u00eetes - ch&acirc;teau-mondou","og_description":"In de rechtervleugel bevindt zich de grootste g\u00eete: Bellevue. Deze g\u00eete heeft beneden twee slaapkamers en boven ook twee. Het heeft een grote fijne badkamer met twee wastafels en een kleine simpele badkamer. Er zijn twee huiskamers; een met de open keuken en grote tafel grenzend aan het enorme balkon met 180 graden uitzicht over &hellip; Lees verder \"Onze G\u00eetes\"","og_url":"https:\/\/www.chateau-mondou.com\/index.php\/maak-je-site-met-blokken\/","og_site_name":"ch&acirc;teau-mondou","article_modified_time":"2025-08-12T08:55:08+00:00","twitter_card":"summary_large_image","twitter_misc":{"Geschatte leestijd":"2 minuten"},"schema":{"@context":"https:\/\/schema.org","@graph":[{"@type":"WebPage","@id":"https:\/\/www.chateau-mondou.com\/index.php\/maak-je-site-met-blokken\/","url":"https:\/\/www.chateau-mondou.com\/index.php\/maak-je-site-met-blokken\/","name":"Onze G\u00eetes - ch&acirc;teau-mondou","isPartOf":{"@id":"https:\/\/www.chateau-mondou.com\/#website"},"datePublished":"2021-10-17T16:09:57+00:00","dateModified":"2025-08-12T08:55:08+00:00","breadcrumb":{"@id":"https:\/\/www.chateau-mondou.com\/index.php\/maak-je-site-met-blokken\/#breadcrumb"},"inLanguage":"nl-NL","potentialAction":[{"@type":"ReadAction","target":["https:\/\/www.chateau-mondou.com\/index.php\/maak-je-site-met-blokken\/"]}]},{"@type":"BreadcrumbList","@id":"https:\/\/www.chateau-mondou.com\/index.php\/maak-je-site-met-blokken\/#breadcrumb","itemListElement":[{"@type":"ListItem","position":1,"name":"Home","item":"https:\/\/www.chateau-mondou.com\/"},{"@type":"ListItem","position":2,"name":"Onze G\u00eetes"}]},{"@type":"WebSite","@id":"https:\/\/www.chateau-mondou.com\/#website","url":"https:\/\/www.chateau-mondou.com\/","name":"ch&acirc;teau-mondou","description":"&ldquo;Oase van rust, perfecte basis voor bezienswaardigheden&rdquo;","publisher":{"@id":"https:\/\/www.chateau-mondou.com\/#organization"},"potentialAction":[{"@type":"SearchAction","target":{"@type":"EntryPoint","urlTemplate":"https:\/\/www.chateau-mondou.com\/?s={search_term_string}"},"query-input":{"@type":"PropertyValueSpecification","valueRequired":true,"valueName":"search_term_string"}}],"inLanguage":"nl-NL"},{"@type":"Organization","@id":"https:\/\/www.chateau-mondou.com\/#organization","name":"ch&acirc;teau-mondou","url":"https:\/\/www.chateau-mondou.com\/","logo":{"@type":"ImageObject","inLanguage":"nl-NL","@id":"https:\/\/www.chateau-mondou.com\/#\/schema\/logo\/image\/","url":"https:\/\/www.chateau-mondou.com\/wp-content\/uploads\/2024\/04\/cropped-MONDOU-witpng.png","contentUrl":"https:\/\/www.chateau-mondou.com\/wp-content\/uploads\/2024\/04\/cropped-MONDOU-witpng.png","width":436,"height":250,"caption":"ch&acirc;teau-mondou"},"image":{"@id":"https:\/\/www.chateau-mondou.com\/#\/schema\/logo\/image\/"}}]}},"_links":{"self":[{"href":"https:\/\/www.chateau-mondou.com\/index.php\/wp-json\/wp\/v2\/pages\/5","targetHints":{"allow":["GET"]}}],"collection":[{"href":"https:\/\/www.chateau-mondou.com\/index.php\/wp-json\/wp\/v2\/pages"}],"about":[{"href":"https:\/\/www.chateau-mondou.com\/index.php\/wp-json\/wp\/v2\/types\/page"}],"author":[{"embeddable":true,"href":"https:\/\/www.chateau-mondou.com\/index.php\/wp-json\/wp\/v2\/users\/1"}],"replies":[{"embeddable":true,"href":"https:\/\/www.chateau-mondou.com\/index.php\/wp-json\/wp\/v2\/comments?post=5"}],"version-history":[{"count":36,"href":"https:\/\/www.chateau-mondou.com\/index.php\/wp-json\/wp\/v2\/pages\/5\/revisions"}],"predecessor-version":[{"id":890,"href":"https:\/\/www.chateau-mondou.com\/index.php\/wp-json\/wp\/v2\/pages\/5\/revisions\/890"}],"wp:attachment":[{"href":"https:\/\/www.chateau-mondou.com\/index.php\/wp-json\/wp\/v2\/media?parent=5"}],"curies":[{"name":"wp","href":"https:\/\/api.w.org\/{rel}","templated":true}]}}