{"id":918,"date":"2025-11-23T11:57:24","date_gmt":"2025-11-23T11:57:24","guid":{"rendered":"https:\/\/www.chateau-mondou.com\/?page_id=918"},"modified":"2026-03-28T08:22:37","modified_gmt":"2026-03-28T08:22:37","slug":"activiteiten-agenda-2026","status":"publish","type":"page","link":"https:\/\/www.chateau-mondou.com\/index.php\/activiteiten-agenda-2026\/","title":{"rendered":"Activiteiten Agenda 2026"},"content":{"rendered":"\n<p><strong>*Vrijdag 31  mei 2026 tot vrijdag 5 juni 2026, Masterclass Fotografie @ Ch\u00e2teau Mondou<\/strong><\/p>\n\n\n\n<p>*Friday 31st May 2026 until Friday, June 5th, 2026, Masterclass at Ch\u00e2teau Mondou<\/p>\n\n\n\n<p><strong>*Vrijdag 5 juni 2026 tot vrijdag 12 juni 2026, Schilderweek @ Ch\u00e2teau Mondou<\/strong><\/p>\n\n\n\n<p>*Friday June 5th 2026 till Friday June 12th 2026, Painting @ Ch\u00e2teau Mondou<\/p>\n\n\n\n<figure class=\"wp-block-image size-large\"><img loading=\"lazy\" decoding=\"async\" width=\"682\" height=\"1024\" src=\"https:\/\/www.chateau-mondou.com\/wp-content\/uploads\/2025\/12\/DSC_5684-1-682x1024.jpeg\" alt=\"\" class=\"wp-image-960\" srcset=\"https:\/\/www.chateau-mondou.com\/wp-content\/uploads\/2025\/12\/DSC_5684-1-682x1024.jpeg 682w, https:\/\/www.chateau-mondou.com\/wp-content\/uploads\/2025\/12\/DSC_5684-1-200x300.jpeg 200w, https:\/\/www.chateau-mondou.com\/wp-content\/uploads\/2025\/12\/DSC_5684-1-768x1154.jpeg 768w, https:\/\/www.chateau-mondou.com\/wp-content\/uploads\/2025\/12\/DSC_5684-1.jpeg 852w\" sizes=\"auto, (max-width: 682px) 100vw, 682px\" \/><\/figure>\n\n\n\n<div data-wp-interactive=\"core\/file\" class=\"wp-block-file\"><object data-wp-bind--hidden=\"!state.hasPdfPreview\" hidden class=\"wp-block-file__embed\" data=\"https:\/\/www.chateau-mondou.com\/wp-content\/uploads\/2025\/12\/Masterclass-Fotografie-met-Carla-Kogelman-in-Chateau-Mondou-1.pdf\" type=\"application\/pdf\" style=\"width:100%;height:600px\" aria-label=\"Insluiting van Masterclass Fotografie met Carla Kogelman in Chateau Mondou.\"><\/object><a id=\"wp-block-file--media-fd7bdb21-bd08-43cb-bfad-4cf0828e058a\" href=\"https:\/\/www.chateau-mondou.com\/wp-content\/uploads\/2025\/12\/Masterclass-Fotografie-met-Carla-Kogelman-in-Chateau-Mondou-1.pdf\">Masterclass Fotografie met Carla Kogelman in Chateau Mondou<\/a><a href=\"https:\/\/www.chateau-mondou.com\/wp-content\/uploads\/2025\/12\/Masterclass-Fotografie-met-Carla-Kogelman-in-Chateau-Mondou-1.pdf\" class=\"wp-block-file__button wp-element-button\" download aria-describedby=\"wp-block-file--media-fd7bdb21-bd08-43cb-bfad-4cf0828e058a\">Downloaden<\/a><\/div>\n\n\n\n<div data-wp-interactive=\"core\/file\" class=\"wp-block-file\"><object data-wp-bind--hidden=\"!state.hasPdfPreview\" hidden class=\"wp-block-file__embed\" data=\"https:\/\/www.chateau-mondou.com\/wp-content\/uploads\/2025\/11\/Persbericht-Carla-Kogelman-A-Closer-Look-Museum-Flehite-2026.pdf\" type=\"application\/pdf\" style=\"width:100%;height:600px\" aria-label=\"Insluiting van Persbericht-Carla-Kogelman-A-Closer-Look-Museum-Flehite-2026.\"><\/object><a id=\"wp-block-file--media-bb2fd356-36e3-427e-bc87-559141afef3f\" href=\"https:\/\/www.chateau-mondou.com\/wp-content\/uploads\/2025\/11\/Persbericht-Carla-Kogelman-A-Closer-Look-Museum-Flehite-2026.pdf\">Persbericht-Carla-Kogelman-A-Closer-Look-Museum-Flehite-2026<\/a><a href=\"https:\/\/www.chateau-mondou.com\/wp-content\/uploads\/2025\/11\/Persbericht-Carla-Kogelman-A-Closer-Look-Museum-Flehite-2026.pdf\" class=\"wp-block-file__button wp-element-button\" download aria-describedby=\"wp-block-file--media-bb2fd356-36e3-427e-bc87-559141afef3f\">Downloaden<\/a><\/div>\n\n\n\n<figure class=\"wp-block-image size-large\"><img loading=\"lazy\" decoding=\"async\" width=\"764\" height=\"1024\" src=\"https:\/\/www.chateau-mondou.com\/wp-content\/uploads\/2025\/12\/Scherm\u00adafbeelding-2025-12-28-om-17.17.41-764x1024.jpeg\" alt=\"\" class=\"wp-image-959\" srcset=\"https:\/\/www.chateau-mondou.com\/wp-content\/uploads\/2025\/12\/Scherm\u00adafbeelding-2025-12-28-om-17.17.41-764x1024.jpeg 764w, https:\/\/www.chateau-mondou.com\/wp-content\/uploads\/2025\/12\/Scherm\u00adafbeelding-2025-12-28-om-17.17.41-224x300.jpeg 224w, https:\/\/www.chateau-mondou.com\/wp-content\/uploads\/2025\/12\/Scherm\u00adafbeelding-2025-12-28-om-17.17.41-768x1029.jpeg 768w, https:\/\/www.chateau-mondou.com\/wp-content\/uploads\/2025\/12\/Scherm\u00adafbeelding-2025-12-28-om-17.17.41-1146x1536.jpeg 1146w, https:\/\/www.chateau-mondou.com\/wp-content\/uploads\/2025\/12\/Scherm\u00adafbeelding-2025-12-28-om-17.17.41.jpeg 1247w\" sizes=\"auto, (max-width: 706px) 89vw, (max-width: 767px) 82vw, 740px\" \/><\/figure>\n","protected":false},"excerpt":{"rendered":"<p>*Vrijdag 31 mei 2026 tot vrijdag 5 juni 2026, Masterclass Fotografie @ Ch\u00e2teau Mondou *Friday 31st May 2026 until Friday, June 5th, 2026, Masterclass at Ch\u00e2teau Mondou *Vrijdag 5 juni 2026 tot vrijdag 12 juni 2026, Schilderweek @ Ch\u00e2teau Mondou *Friday June 5th 2026 till Friday June 12th 2026, Painting @ Ch\u00e2teau Mondou<\/p>\n","protected":false},"author":1,"featured_media":0,"parent":0,"menu_order":0,"comment_status":"closed","ping_status":"closed","template":"","meta":{"footnotes":""},"class_list":["post-918","page","type-page","status-publish","hentry"],"yoast_head":"<!-- This site is optimized with the Yoast SEO plugin v27.5 - https:\/\/yoast.com\/product\/yoast-seo-wordpress\/ -->\n<title>Activiteiten Agenda 2026 - ch&acirc;teau-mondou<\/title>\n<meta name=\"robots\" content=\"index, follow, max-snippet:-1, max-image-preview:large, max-video-preview:-1\" \/>\n<link rel=\"canonical\" href=\"https:\/\/www.chateau-mondou.com\/index.php\/activiteiten-agenda-2026\/\" \/>\n<meta property=\"og:locale\" content=\"nl_NL\" \/>\n<meta property=\"og:type\" content=\"article\" \/>\n<meta property=\"og:title\" content=\"Activiteiten Agenda 2026 - ch&acirc;teau-mondou\" \/>\n<meta property=\"og:description\" content=\"*Vrijdag 31 mei 2026 tot vrijdag 5 juni 2026, Masterclass Fotografie @ Ch\u00e2teau Mondou *Friday 31st May 2026 until Friday, June 5th, 2026, Masterclass at Ch\u00e2teau Mondou *Vrijdag 5 juni 2026 tot vrijdag 12 juni 2026, Schilderweek @ Ch\u00e2teau Mondou *Friday June 5th 2026 till Friday June 12th 2026, Painting @ Ch\u00e2teau Mondou\" \/>\n<meta property=\"og:url\" content=\"https:\/\/www.chateau-mondou.com\/index.php\/activiteiten-agenda-2026\/\" \/>\n<meta property=\"og:site_name\" content=\"ch&acirc;teau-mondou\" \/>\n<meta property=\"article:modified_time\" content=\"2026-03-28T08:22:37+00:00\" \/>\n<meta property=\"og:image\" content=\"https:\/\/www.chateau-mondou.com\/wp-content\/uploads\/2025\/12\/DSC_5684-1.jpeg\" \/>\n\t<meta property=\"og:image:width\" content=\"852\" \/>\n\t<meta property=\"og:image:height\" content=\"1280\" \/>\n\t<meta property=\"og:image:type\" content=\"image\/jpeg\" \/>\n<meta name=\"twitter:card\" content=\"summary_large_image\" \/>\n<meta name=\"twitter:label1\" content=\"Geschatte leestijd\" \/>\n\t<meta name=\"twitter:data1\" content=\"1 minuut\" \/>\n<script type=\"application\/ld+json\" class=\"yoast-schema-graph\">{\"@context\":\"https:\\\/\\\/schema.org\",\"@graph\":[{\"@type\":\"WebPage\",\"@id\":\"https:\\\/\\\/www.chateau-mondou.com\\\/index.php\\\/activiteiten-agenda-2026\\\/\",\"url\":\"https:\\\/\\\/www.chateau-mondou.com\\\/index.php\\\/activiteiten-agenda-2026\\\/\",\"name\":\"Activiteiten Agenda 2026 - ch&acirc;teau-mondou\",\"isPartOf\":{\"@id\":\"https:\\\/\\\/www.chateau-mondou.com\\\/#website\"},\"primaryImageOfPage\":{\"@id\":\"https:\\\/\\\/www.chateau-mondou.com\\\/index.php\\\/activiteiten-agenda-2026\\\/#primaryimage\"},\"image\":{\"@id\":\"https:\\\/\\\/www.chateau-mondou.com\\\/index.php\\\/activiteiten-agenda-2026\\\/#primaryimage\"},\"thumbnailUrl\":\"https:\\\/\\\/www.chateau-mondou.com\\\/wp-content\\\/uploads\\\/2025\\\/12\\\/DSC_5684-1-682x1024.jpeg\",\"datePublished\":\"2025-11-23T11:57:24+00:00\",\"dateModified\":\"2026-03-28T08:22:37+00:00\",\"breadcrumb\":{\"@id\":\"https:\\\/\\\/www.chateau-mondou.com\\\/index.php\\\/activiteiten-agenda-2026\\\/#breadcrumb\"},\"inLanguage\":\"nl-NL\",\"potentialAction\":[{\"@type\":\"ReadAction\",\"target\":[\"https:\\\/\\\/www.chateau-mondou.com\\\/index.php\\\/activiteiten-agenda-2026\\\/\"]}]},{\"@type\":\"ImageObject\",\"inLanguage\":\"nl-NL\",\"@id\":\"https:\\\/\\\/www.chateau-mondou.com\\\/index.php\\\/activiteiten-agenda-2026\\\/#primaryimage\",\"url\":\"https:\\\/\\\/www.chateau-mondou.com\\\/wp-content\\\/uploads\\\/2025\\\/12\\\/DSC_5684-1.jpeg\",\"contentUrl\":\"https:\\\/\\\/www.chateau-mondou.com\\\/wp-content\\\/uploads\\\/2025\\\/12\\\/DSC_5684-1.jpeg\",\"width\":852,\"height\":1280},{\"@type\":\"BreadcrumbList\",\"@id\":\"https:\\\/\\\/www.chateau-mondou.com\\\/index.php\\\/activiteiten-agenda-2026\\\/#breadcrumb\",\"itemListElement\":[{\"@type\":\"ListItem\",\"position\":1,\"name\":\"Home\",\"item\":\"https:\\\/\\\/www.chateau-mondou.com\\\/\"},{\"@type\":\"ListItem\",\"position\":2,\"name\":\"Activiteiten Agenda 2026\"}]},{\"@type\":\"WebSite\",\"@id\":\"https:\\\/\\\/www.chateau-mondou.com\\\/#website\",\"url\":\"https:\\\/\\\/www.chateau-mondou.com\\\/\",\"name\":\"ch&acirc;teau-mondou\",\"description\":\"&ldquo;Oase van rust, perfecte basis voor bezienswaardigheden&rdquo;\",\"publisher\":{\"@id\":\"https:\\\/\\\/www.chateau-mondou.com\\\/#organization\"},\"potentialAction\":[{\"@type\":\"SearchAction\",\"target\":{\"@type\":\"EntryPoint\",\"urlTemplate\":\"https:\\\/\\\/www.chateau-mondou.com\\\/?s={search_term_string}\"},\"query-input\":{\"@type\":\"PropertyValueSpecification\",\"valueRequired\":true,\"valueName\":\"search_term_string\"}}],\"inLanguage\":\"nl-NL\"},{\"@type\":\"Organization\",\"@id\":\"https:\\\/\\\/www.chateau-mondou.com\\\/#organization\",\"name\":\"ch&acirc;teau-mondou\",\"url\":\"https:\\\/\\\/www.chateau-mondou.com\\\/\",\"logo\":{\"@type\":\"ImageObject\",\"inLanguage\":\"nl-NL\",\"@id\":\"https:\\\/\\\/www.chateau-mondou.com\\\/#\\\/schema\\\/logo\\\/image\\\/\",\"url\":\"https:\\\/\\\/www.chateau-mondou.com\\\/wp-content\\\/uploads\\\/2024\\\/04\\\/cropped-MONDOU-witpng.png\",\"contentUrl\":\"https:\\\/\\\/www.chateau-mondou.com\\\/wp-content\\\/uploads\\\/2024\\\/04\\\/cropped-MONDOU-witpng.png\",\"width\":436,\"height\":250,\"caption\":\"ch&acirc;teau-mondou\"},\"image\":{\"@id\":\"https:\\\/\\\/www.chateau-mondou.com\\\/#\\\/schema\\\/logo\\\/image\\\/\"}}]}<\/script>\n<!-- \/ Yoast SEO plugin. -->","yoast_head_json":{"title":"Activiteiten Agenda 2026 - ch&acirc;teau-mondou","robots":{"index":"index","follow":"follow","max-snippet":"max-snippet:-1","max-image-preview":"max-image-preview:large","max-video-preview":"max-video-preview:-1"},"canonical":"https:\/\/www.chateau-mondou.com\/index.php\/activiteiten-agenda-2026\/","og_locale":"nl_NL","og_type":"article","og_title":"Activiteiten Agenda 2026 - ch&acirc;teau-mondou","og_description":"*Vrijdag 31 mei 2026 tot vrijdag 5 juni 2026, Masterclass Fotografie @ Ch\u00e2teau Mondou *Friday 31st May 2026 until Friday, June 5th, 2026, Masterclass at Ch\u00e2teau Mondou *Vrijdag 5 juni 2026 tot vrijdag 12 juni 2026, Schilderweek @ Ch\u00e2teau Mondou *Friday June 5th 2026 till Friday June 12th 2026, Painting @ Ch\u00e2teau Mondou","og_url":"https:\/\/www.chateau-mondou.com\/index.php\/activiteiten-agenda-2026\/","og_site_name":"ch&acirc;teau-mondou","article_modified_time":"2026-03-28T08:22:37+00:00","og_image":[{"width":852,"height":1280,"url":"https:\/\/www.chateau-mondou.com\/wp-content\/uploads\/2025\/12\/DSC_5684-1.jpeg","type":"image\/jpeg"}],"twitter_card":"summary_large_image","twitter_misc":{"Geschatte leestijd":"1 minuut"},"schema":{"@context":"https:\/\/schema.org","@graph":[{"@type":"WebPage","@id":"https:\/\/www.chateau-mondou.com\/index.php\/activiteiten-agenda-2026\/","url":"https:\/\/www.chateau-mondou.com\/index.php\/activiteiten-agenda-2026\/","name":"Activiteiten Agenda 2026 - ch&acirc;teau-mondou","isPartOf":{"@id":"https:\/\/www.chateau-mondou.com\/#website"},"primaryImageOfPage":{"@id":"https:\/\/www.chateau-mondou.com\/index.php\/activiteiten-agenda-2026\/#primaryimage"},"image":{"@id":"https:\/\/www.chateau-mondou.com\/index.php\/activiteiten-agenda-2026\/#primaryimage"},"thumbnailUrl":"https:\/\/www.chateau-mondou.com\/wp-content\/uploads\/2025\/12\/DSC_5684-1-682x1024.jpeg","datePublished":"2025-11-23T11:57:24+00:00","dateModified":"2026-03-28T08:22:37+00:00","breadcrumb":{"@id":"https:\/\/www.chateau-mondou.com\/index.php\/activiteiten-agenda-2026\/#breadcrumb"},"inLanguage":"nl-NL","potentialAction":[{"@type":"ReadAction","target":["https:\/\/www.chateau-mondou.com\/index.php\/activiteiten-agenda-2026\/"]}]},{"@type":"ImageObject","inLanguage":"nl-NL","@id":"https:\/\/www.chateau-mondou.com\/index.php\/activiteiten-agenda-2026\/#primaryimage","url":"https:\/\/www.chateau-mondou.com\/wp-content\/uploads\/2025\/12\/DSC_5684-1.jpeg","contentUrl":"https:\/\/www.chateau-mondou.com\/wp-content\/uploads\/2025\/12\/DSC_5684-1.jpeg","width":852,"height":1280},{"@type":"BreadcrumbList","@id":"https:\/\/www.chateau-mondou.com\/index.php\/activiteiten-agenda-2026\/#breadcrumb","itemListElement":[{"@type":"ListItem","position":1,"name":"Home","item":"https:\/\/www.chateau-mondou.com\/"},{"@type":"ListItem","position":2,"name":"Activiteiten Agenda 2026"}]},{"@type":"WebSite","@id":"https:\/\/www.chateau-mondou.com\/#website","url":"https:\/\/www.chateau-mondou.com\/","name":"ch&acirc;teau-mondou","description":"&ldquo;Oase van rust, perfecte basis voor bezienswaardigheden&rdquo;","publisher":{"@id":"https:\/\/www.chateau-mondou.com\/#organization"},"potentialAction":[{"@type":"SearchAction","target":{"@type":"EntryPoint","urlTemplate":"https:\/\/www.chateau-mondou.com\/?s={search_term_string}"},"query-input":{"@type":"PropertyValueSpecification","valueRequired":true,"valueName":"search_term_string"}}],"inLanguage":"nl-NL"},{"@type":"Organization","@id":"https:\/\/www.chateau-mondou.com\/#organization","name":"ch&acirc;teau-mondou","url":"https:\/\/www.chateau-mondou.com\/","logo":{"@type":"ImageObject","inLanguage":"nl-NL","@id":"https:\/\/www.chateau-mondou.com\/#\/schema\/logo\/image\/","url":"https:\/\/www.chateau-mondou.com\/wp-content\/uploads\/2024\/04\/cropped-MONDOU-witpng.png","contentUrl":"https:\/\/www.chateau-mondou.com\/wp-content\/uploads\/2024\/04\/cropped-MONDOU-witpng.png","width":436,"height":250,"caption":"ch&acirc;teau-mondou"},"image":{"@id":"https:\/\/www.chateau-mondou.com\/#\/schema\/logo\/image\/"}}]}},"_links":{"self":[{"href":"https:\/\/www.chateau-mondou.com\/index.php\/wp-json\/wp\/v2\/pages\/918","targetHints":{"allow":["GET"]}}],"collection":[{"href":"https:\/\/www.chateau-mondou.com\/index.php\/wp-json\/wp\/v2\/pages"}],"about":[{"href":"https:\/\/www.chateau-mondou.com\/index.php\/wp-json\/wp\/v2\/types\/page"}],"author":[{"embeddable":true,"href":"https:\/\/www.chateau-mondou.com\/index.php\/wp-json\/wp\/v2\/users\/1"}],"replies":[{"embeddable":true,"href":"https:\/\/www.chateau-mondou.com\/index.php\/wp-json\/wp\/v2\/comments?post=918"}],"version-history":[{"count":17,"href":"https:\/\/www.chateau-mondou.com\/index.php\/wp-json\/wp\/v2\/pages\/918\/revisions"}],"predecessor-version":[{"id":982,"href":"https:\/\/www.chateau-mondou.com\/index.php\/wp-json\/wp\/v2\/pages\/918\/revisions\/982"}],"wp:attachment":[{"href":"https:\/\/www.chateau-mondou.com\/index.php\/wp-json\/wp\/v2\/media?parent=918"}],"curies":[{"name":"wp","href":"https:\/\/api.w.org\/{rel}","templated":true}]}}